{"id":600,"date":"2024-11-18T13:59:31","date_gmt":"2024-11-18T05:59:31","guid":{"rendered":"https:\/\/www.kymachines.com\/?post_type=product&#038;p=600"},"modified":"2025-01-07T17:25:47","modified_gmt":"2025-01-07T09:25:47","slug":"high-frequency-wall-saw","status":"publish","type":"product","link":"https:\/\/www.corecut.cc\/es\/product\/high-frequency-wall-saw\/","title":{"rendered":"Sierra mural el\u00e9ctrica"},"content":{"rendered":"<h3><a href=\"http:\/\/www.okcutting.com\"><strong>Sierra mural el\u00e9ctrica<\/strong><\/a><\/h3>\n<p>HF-105DM Electric wall saw for tough cutting jobs with wireless control<\/p>\n<p><strong>Saw Blade<\/strong><\/p>\n<ol>\n<li>Max.cutting depth : 510mm<\/li>\n<li>Max.saw blade : \u03c61200mm<\/li>\n<li>Saw blade fixing(flush cuts) : 6 countersunk head screws,110mm graduated circle.<\/li>\n<\/ol>\n<p><strong>Electric motor<\/strong><\/p>\n<ol>\n<li>Water-cooled<\/li>\n<li>High-frequency motor<\/li>\n<li>Output : 17kW<\/li>\n<\/ol>\n<p><strong>Control unit<\/strong><\/p>\n<ol>\n<li>Voltage : three-phase\/380V~480V (singe-phase\/220V~240V can be customized)<\/li>\n<li>Frequency : 50Hz\/60Hz<\/li>\n<li>Weight : 19kg<\/li>\n<li>Wireless control : 2kg<\/li>\n<\/ol>\n<p><strong>Weight<\/strong><\/p>\n<ol>\n<li>Wall saw 105DM incl.feed electric motors : 25kg<\/li>\n<li>Main motor(17kW) : 17kg<\/li>\n<\/ol>\n<p><strong>Cutting<\/strong><\/p>\n<p>There are mainly two ways for choice<\/p>\n<ol>\n<li>Automatic cutting without manual intervention<\/li>\n<li>Manual cutting<\/li>\n<li>Sierra mural el\u00e9ctrica para tareas dif\u00edciles de corte con funci\u00f3n de asistencia de corte y sistema electr\u00f3nico de control integrado (sin adaptador)\nPotencia del motor:  17 kW\nFuente de energ\u00eda:  El\u00e9ctrica\nPotencia min. de generador de energ\u00eda:  40 kVA\nCaracter\u00edsticas\nSistema OK: permite a la herramienta realizar tareas de corte de manera totalmente autom\u00e1tica. El sistema se pone en marcha cuando se detecta una superficie. A continuaci\u00f3n, optimiza la velocidad y el flujo de agua, incluso al cortar corrugados. La tecnolog\u00eda OK ofrece mayor productividad y permite disponer de m\u00e1s tiempo para realizar otras tareas.\nNo requiere adaptador externo: el sistema electr\u00f3nico de control integrado ofrece un dise\u00f1o m\u00e1s compacto y facilita la manipulaci\u00f3n, el transporte y la configuraci\u00f3n de la sierra\nVisualizaci\u00f3n de la profundidad de corte en tiempo real en el control remoto\nControl remoto inal\u00e1mbrico\nAlta fiabilidad gracias a la electr\u00f3nica de control integrada y a un menor n\u00famero de interfaces el\u00e9ctricas y cables\nAplicaciones\nCorte o ampliaci\u00f3n de aberturas en suelos y paredes de hormig\u00f3n\nDemoliciones precisas de muros y suelos con poca vibraci\u00f3n\nCortes en hormig\u00f3n reforzado, piedra artificial y natural, ladrillos y bloques, as\u00ed como en otros materiales de base mineral\nCortes en espacios reducidos y en lugares de dif\u00edcil acceso\nReformas en balcones y fachadas <a href=\"https:\/\/www.kymachines.com\/product\/electric-wire-saw\/\">HF-103DM wire saw\u00a0<\/a><\/li>\n<\/ol>","protected":false},"excerpt":{"rendered":"<p>High Frequency Electric concrete wall saw HF-105DM Electric wall saw for tough cutting jobs with wireless control Saw Blade Max.cutting depth : 510mm Max.saw blade : \u03c61200mm Saw blade fixing(flush cuts) : 6 countersunk head screws,110mm graduated circle. Electric motor Water-cooled High-frequency motor Output : 17kW Control unit Voltage : three-phase\/380V~480V (singe-phase\/220V~240V can be customized) [&hellip;]<\/p>","protected":false},"featured_media":1263,"template":"","meta":{"om_disable_all_campaigns":false},"product_cat":[36,38],"product_tag":[],"class_list":{"0":"post-600","1":"product","2":"type-product","3":"status-publish","4":"has-post-thumbnail","6":"product_cat-high-frequency-wall-saw","7":"product_cat-wall-saaw","9":"first","10":"instock","11":"shipping-taxable","12":"purchasable","13":"product-type-simple"},"aioseo_notices":[],"_links":{"self":[{"href":"https:\/\/www.corecut.cc\/es\/wp-json\/wp\/v2\/product\/600","targetHints":{"allow":["GET"]}}],"collection":[{"href":"https:\/\/www.corecut.cc\/es\/wp-json\/wp\/v2\/product"}],"about":[{"href":"https:\/\/www.corecut.cc\/es\/wp-json\/wp\/v2\/types\/product"}],"wp:featuredmedia":[{"embeddable":true,"href":"https:\/\/www.corecut.cc\/es\/wp-json\/wp\/v2\/media\/1263"}],"wp:attachment":[{"href":"https:\/\/www.corecut.cc\/es\/wp-json\/wp\/v2\/media?parent=600"}],"wp:term":[{"taxonomy":"product_cat","embeddable":true,"href":"https:\/\/www.corecut.cc\/es\/wp-json\/wp\/v2\/product_cat?post=600"},{"taxonomy":"product_tag","embeddable":true,"href":"https:\/\/www.corecut.cc\/es\/wp-json\/wp\/v2\/product_tag?post=600"}],"curies":[{"name":"wp","href":"https:\/\/api.w.org\/{rel}","templated":true}]}}